{"id":2389,"date":"2026-01-14T22:14:42","date_gmt":"2026-01-14T22:14:42","guid":{"rendered":"http:\/\/olyxena.com\/?page_id=2389"},"modified":"2026-02-13T18:23:30","modified_gmt":"2026-02-13T18:23:30","slug":"mentions-legales","status":"publish","type":"page","link":"https:\/\/olyxena.com\/index.php\/mentions-legales\/","title":{"rendered":"Mentions l\u00e9gales"},"content":{"rendered":"\n<p class=\"has-text-align-center\">Mentions l\u00e9gales<br>En vigueur au 20\/01\/2026<\/p>\n\n\n\n<p class=\"has-text-align-left\">Conform\u00e9ment aux dispositions de la loi n\u00b02004-575 du 21 juin 2004 pour la Confiance en l\u2019\u00e9conomie<br>num\u00e9rique, il est port\u00e9 \u00e0 la connaissance des utilisateurs et visiteurs, ci-apr\u00e8s l&rsquo; \u00ab\u00a0Utilisateur\u00a0\u00bb, du site<br>www.olyxena.com , ci-apr\u00e8s le \u00ab\u00a0Site\u00a0\u00bb, les pr\u00e9sentes mentions l\u00e9gales.<\/p>\n\n\n\n<p class=\"has-text-align-left\">La connexion et la navigation sur le Site par l\u2019Utilisateur implique acceptation int\u00e9grale et sans<br>r\u00e9serve des pr\u00e9sentes mentions l\u00e9gales.<\/p>\n\n\n\n<p class=\"has-text-align-left\">Ces derni\u00e8res sont accessibles sur le Site \u00e0 la rubrique \u00ab\u00a0Mentions l\u00e9gales\u00a0\u00bb.<\/p>\n\n\n\n<p class=\"has-text-align-left\">EDITION DU SITE<\/p>\n\n\n\n<p class=\"has-text-align-left\">L\u2019\u00e9dition et la direction de la publication du Site est assur\u00e9e par Monsieur Virgile Pichon, domicili\u00e9 9<br>rue Cyrano, 69003, Lyon, dont le num\u00e9ro de t\u00e9l\u00e9phone est 06 52 64 34 49, et l&rsquo;adresse e-mail<br>hello@olyxena.com.<\/p>\n\n\n\n<p class=\"has-text-align-left\">ci-apr\u00e8s l'\u00a0\u00bbEditeur\u00a0\u00bb.<\/p>\n\n\n\n<p class=\"has-text-align-left\">HEBERGEUR<\/p>\n\n\n\n<p class=\"has-text-align-left\">L&rsquo;h\u00e9bergeur du Site est la soci\u00e9t\u00e9 OVH Cloud, dont le si\u00e8ge social est situ\u00e9 au 2 rue Kellermann<br>59100 Roubaix .<\/p>\n\n\n\n<p class=\"has-text-align-left\">ACCES AU SITE<\/p>\n\n\n\n<p class=\"has-text-align-left\">Le Site est normalement accessible, \u00e0 tout moment, \u00e0 l&rsquo;Utilisateur. Toutefois, l&rsquo;Editeur pourra, \u00e0 tout<br>moment, suspendre, limiter ou interrompre le Site afin de proc\u00e9der, notamment, \u00e0 des mises \u00e0 jour ou<br>des modifications de son contenu. L&rsquo;Editeur ne pourra en aucun cas \u00eatre tenu responsable des<br>cons\u00e9quences \u00e9ventuelles de cette indisponibilit\u00e9 sur les activit\u00e9s de l&rsquo;Utilisateur.<\/p>\n\n\n\n<p class=\"has-text-align-left\">ci-apr\u00e8s l'\u00a0\u00bbEditeur\u00a0\u00bb.<\/p>\n\n\n\n<p class=\"has-text-align-left\">HEBERGEUR<\/p>\n\n\n\n<p class=\"has-text-align-left\">L&rsquo;h\u00e9bergeur du Site est la soci\u00e9t\u00e9 OVH Cloud, dont le si\u00e8ge social est situ\u00e9 au 2 rue Kellermann<br>59100 Roubaix . Le num\u00e9ro de t\u00e9l\u00e9phone de l&rsquo;h\u00e9bergeur est le 09 72 10 10 07.<\/p>\n\n\n\n<p class=\"has-text-align-left\">ACCES AU SITE<\/p>\n\n\n\n<p class=\"has-text-align-left\">Le Site est normalement accessible, \u00e0 tout moment, \u00e0 l&rsquo;Utilisateur. Toutefois, l&rsquo;Editeur pourra, \u00e0 tout<br>moment, suspendre, limiter ou interrompre le Site afin de proc\u00e9der, notamment, \u00e0 des mises \u00e0 jour ou<br>des modifications de son contenu. L&rsquo;Editeur ne pourra en aucun cas \u00eatre tenu responsable des<br>cons\u00e9quences \u00e9ventuelles de cette indisponibilit\u00e9 sur les activit\u00e9s de l&rsquo;Utilisateur.<\/p>\n\n\n\n<p class=\"has-text-align-left\">COLLECTE DES DONNEES<\/p>\n\n\n\n<p class=\"has-text-align-left\">Le Site assure \u00e0 l&rsquo;Utilisateur une collecte et un traitement des donn\u00e9es personnelles dans le respect<br>de la vie priv\u00e9e conform\u00e9ment \u00e0 la loi n\u00b078-17 du 6 janvier 1978 relative \u00e0 l&rsquo;informatique, aux fichiers<br>aux libert\u00e9s et dans le respect de la r\u00e8glementation applicable en mati\u00e8re de traitement des donn\u00e9es<br>\u00e0 caract\u00e8re personnel conform\u00e9ment au r\u00e8glement (UE) 2016\/679 du Parlement europ\u00e9en et du<br>Conseil du 27 avril 2016 (ci-apr\u00e8s, ensemble, la \u00ab\u00a0R\u00e8glementation applicable en mati\u00e8re de<br>protection des Donn\u00e9es \u00e0 caract\u00e8re personnel\u00a0\u00bb).<\/p>\n\n\n\n<p class=\"has-text-align-left\">En vertu de la R\u00e8glementation applicable en mati\u00e8re de protection des Donn\u00e9es \u00e0 caract\u00e8re<br>personnel, l&rsquo;Utilisateur dispose d&rsquo;un droit d&rsquo;acc\u00e8s, de rectification, de suppression et d&rsquo;opposition de<br>ses donn\u00e9es personnelles. L&rsquo;Utilisateur peut exercer ce droit :<br>&#8211; par mail \u00e0 l&rsquo;adresse email hello@olyxena.com<br>&#8211; depuis le formulaire de contact ;<\/p>\n\n\n\n<p class=\"has-text-align-left\">Toute utilisation, reproduction, diffusion, commercialisation, modification de toute ou partie du Site,<br>sans autorisation expresse de l\u2019Editeur est prohib\u00e9e et pourra entra\u00eener des actions et poursuites<br>judiciaires telles que pr\u00e9vues par la r\u00e8glementation en vigueur.<\/p>\n\n\n\n<p class=\"has-text-align-left\"><\/p>\n","protected":false},"excerpt":{"rendered":"<p>Mentions l\u00e9galesEn vigueur au 20\/01\/2026 Conform\u00e9ment aux dispositions de la loi n\u00b02004-575 du 21 juin 2004 pour la Confiance en l\u2019\u00e9conomienum\u00e9rique, il est port\u00e9 \u00e0 la connaissance des utilisateurs et visiteurs, ci-apr\u00e8s l&rsquo; \u00ab\u00a0Utilisateur\u00a0\u00bb, du sitewww.olyxena.com , ci-apr\u00e8s le \u00ab\u00a0Site\u00a0\u00bb, les pr\u00e9sentes mentions l\u00e9gales. La connexion et la navigation sur le Site par l\u2019Utilisateur implique [&hellip;]<\/p>\n","protected":false},"author":1,"featured_media":0,"parent":0,"menu_order":0,"comment_status":"closed","ping_status":"closed","template":"","meta":{"footnotes":""},"class_list":["post-2389","page","type-page","status-publish","hentry"],"blocksy_meta":{"has_hero_section":"disabled","styles_descriptor":{"styles":{"desktop":"","tablet":"","mobile":""},"google_fonts":[],"version":6}},"_links":{"self":[{"href":"https:\/\/olyxena.com\/index.php\/wp-json\/wp\/v2\/pages\/2389","targetHints":{"allow":["GET"]}}],"collection":[{"href":"https:\/\/olyxena.com\/index.php\/wp-json\/wp\/v2\/pages"}],"about":[{"href":"https:\/\/olyxena.com\/index.php\/wp-json\/wp\/v2\/types\/page"}],"author":[{"embeddable":true,"href":"https:\/\/olyxena.com\/index.php\/wp-json\/wp\/v2\/users\/1"}],"replies":[{"embeddable":true,"href":"https:\/\/olyxena.com\/index.php\/wp-json\/wp\/v2\/comments?post=2389"}],"version-history":[{"count":3,"href":"https:\/\/olyxena.com\/index.php\/wp-json\/wp\/v2\/pages\/2389\/revisions"}],"predecessor-version":[{"id":2398,"href":"https:\/\/olyxena.com\/index.php\/wp-json\/wp\/v2\/pages\/2389\/revisions\/2398"}],"wp:attachment":[{"href":"https:\/\/olyxena.com\/index.php\/wp-json\/wp\/v2\/media?parent=2389"}],"curies":[{"name":"wp","href":"https:\/\/api.w.org\/{rel}","templated":true}]}}